{"id":16952,"date":"2026-02-17T10:47:31","date_gmt":"2026-02-17T10:47:31","guid":{"rendered":"https:\/\/studioclement.be\/whitepaper-office\/"},"modified":"2026-02-19T08:56:07","modified_gmt":"2026-02-19T08:56:07","slug":"whitepaper-bureau","status":"publish","type":"page","link":"https:\/\/studioclement.be\/fr\/whitepaper-bureau\/","title":{"rendered":"Whitepaper bureau"},"content":{"rendered":"\n<div style=\"height:40px\" aria-hidden=\"true\" class=\"wp-block-spacer\"><\/div>\n\n\n\n<div class=\"wp-block-columns are-vertically-aligned-center is-layout-flex wp-container-core-columns-is-layout-9d6595d7 wp-block-columns-is-layout-flex\">\n<div class=\"wp-block-column is-vertically-aligned-center is-layout-flow wp-block-column-is-layout-flow\" style=\"flex-basis:40%\">\n<figure class=\"wp-block-image size-full\"><img decoding=\"async\" width=\"1080\" height=\"1350\" src=\"https:\/\/studioclement.be\/app\/uploads\/2026\/02\/3.png\" alt=\"\" class=\"wp-image-16986\" srcset=\"https:\/\/studioclement.be\/app\/uploads\/2026\/02\/3.png 1080w, https:\/\/studioclement.be\/app\/uploads\/2026\/02\/3-240x300.png 240w, https:\/\/studioclement.be\/app\/uploads\/2026\/02\/3-819x1024.png 819w, https:\/\/studioclement.be\/app\/uploads\/2026\/02\/3-768x960.png 768w, https:\/\/studioclement.be\/app\/uploads\/2026\/02\/3-65x81.png 65w, https:\/\/studioclement.be\/app\/uploads\/2026\/02\/3-76x95.png 76w, https:\/\/studioclement.be\/app\/uploads\/2026\/02\/3-1040x1300.png 1040w, https:\/\/studioclement.be\/app\/uploads\/2026\/02\/3-600x750.png 600w\" sizes=\"(max-width: 576px) 100vw, (max-width: 768px) 50vw, (max-width: 992px) 35vw, (max-width: 1200px) 35vw, (max-width: 1400px) 30vw, 500px\" \/><\/figure>\n<\/div>\n\n\n\n<div class=\"wp-block-column is-vertically-aligned-center is-layout-flow wp-block-column-is-layout-flow\" style=\"flex-basis:60%\">\n<h2 class=\"wp-block-heading\" id=\"h-un-bureau-qui-travaille-pour-vous\">Un bureau qui travaille pour vous<\/h2>\n\n\n\n<p>Comment cr\u00e9er un bureau qui favorise \u00e0 la fois le calme et l&#8217;efficacit\u00e9, tout en stimulant la collaboration et la cr\u00e9ativit\u00e9 ?<\/p>\n\n\n\n<p>Dans ce livre blanc, nous vous montrons comment trouver le juste \u00e9quilibre entre les espaces de concentration et les espaces de rencontre, en tenant compte du flux de travail, de l&#8217;ergonomie, de l&#8217;acoustique et des choix durables.<\/p>\n\n\n\n<p>T\u00e9l\u00e9chargez le livre blanc et laissez-vous inspirer par des id\u00e9es et une approche qui partent de l&#8217;ADN de votre organisation.<\/p>\n<\/div>\n<\/div>\n\n\n\n<div style=\"height:40px\" aria-hidden=\"true\" class=\"wp-block-spacer\"><\/div>\n\n\n\n<div class=\"wp-block-columns is-layout-flex wp-container-core-columns-is-layout-9d6595d7 wp-block-columns-is-layout-flex\">\n<div class=\"wp-block-column is-layout-flow wp-block-column-is-layout-flow\" style=\"flex-basis:10.31%\"><\/div>\n\n\n\n<div class=\"wp-block-column is-layout-flow wp-block-column-is-layout-flow\" style=\"flex-basis:70%\"><noscript class=\"ninja-forms-noscript-message\">\n\tNotice: JavaScript is required for this content.<\/noscript>\n<div id=\"nf-form-18-cont\" class=\"nf-form-cont\" aria-live=\"polite\" aria-labelledby=\"nf-form-title-18\" aria-describedby=\"nf-form-errors-18\" role=\"form\">\n\n    <div class=\"nf-loading-spinner\"><\/div>\n\n<\/div>\n        <!-- That data is being printed as a workaround to page builders reordering the order of the scripts loaded-->\n        <script>var formDisplay=1;var nfForms=nfForms||[];var form=[];form.id='18';form.settings={\"objectType\":\"Form Setting\",\"editActive\":true,\"title\":\"Whitepaper FR - kantoren\",\"default_label_pos\":\"hidden\",\"show_title\":\"0\",\"clear_complete\":\"1\",\"hide_complete\":\"1\",\"logged_in\":\"0\",\"wrapper_class\":\"\",\"element_class\":\"\",\"form_title_heading_level\":\"3\",\"key\":\"\",\"add_submit\":\"1\",\"changeEmailErrorMsg\":\"Please enter a valid email address!\",\"changeDateErrorMsg\":\"Please enter a valid date!\",\"confirmFieldErrorMsg\":\"These fields must match!\",\"fieldNumberNumMinError\":\"Number Min Error\",\"fieldNumberNumMaxError\":\"Number Max Error\",\"fieldNumberIncrementBy\":\"Please increment by \",\"formErrorsCorrectErrors\":\"Please correct errors before submitting this form.\",\"validateRequiredField\":\"This is a required field.\",\"honeypotHoneypotError\":\"Honeypot Error\",\"fieldsMarkedRequired\":\"Fields marked with an <span class=\\\"ninja-forms-req-symbol\\\">*<\\\/span> are required\",\"currency\":\"\",\"unique_field_error\":\"A form with this value has already been submitted.\",\"not_logged_in_msg\":\"\",\"sub_limit_msg\":\"The form has reached its submission limit.\",\"calculations\":[],\"formContentData\":[\"prenom_1760947408186\",\"nom_de_famille_1760947515695\",\"e-mail_1760944797250\",\"entreprise_1760947544327\",\"j_accepte_de_recevoir_des_communications_par_courriel_de_la_part_de_studio_clement_1761047186917\",\"je_suis_d_accord_avec_less_than_a_href_fr_privacy-policy_greater_than_la_politique_de_confidentialite_less_than_a_greater_than_1761047200785\",\"envoyer_1760947564394\"],\"objectDomain\":\"display\",\"drawerDisabled\":false,\"allow_public_link\":0,\"embed_form\":\"\",\"ninjaForms\":\"Ninja Forms\",\"fieldTextareaRTEInsertLink\":\"Insert Link\",\"fieldTextareaRTEInsertMedia\":\"Insert Media\",\"fieldTextareaRTESelectAFile\":\"Select a file\",\"formHoneypot\":\"If you are a human seeing this field, please leave it empty.\",\"fileUploadOldCodeFileUploadInProgress\":\"File Upload in Progress.\",\"fileUploadOldCodeFileUpload\":\"FILE UPLOAD\",\"currencySymbol\":\"&#36;\",\"thousands_sep\":\",\",\"decimal_point\":\".\",\"siteLocale\":\"fr\",\"dateFormat\":\"m\\\/d\\\/Y\",\"startOfWeek\":\"1\",\"of\":\"of\",\"previousMonth\":\"Previous Month\",\"nextMonth\":\"Next Month\",\"months\":[\"January\",\"February\",\"March\",\"April\",\"May\",\"June\",\"July\",\"August\",\"September\",\"October\",\"November\",\"December\"],\"monthsShort\":[\"Jan\",\"Feb\",\"Mar\",\"Apr\",\"May\",\"Jun\",\"Jul\",\"Aug\",\"Sep\",\"Oct\",\"Nov\",\"Dec\"],\"weekdays\":[\"Sunday\",\"Monday\",\"Tuesday\",\"Wednesday\",\"Thursday\",\"Friday\",\"Saturday\"],\"weekdaysShort\":[\"Sun\",\"Mon\",\"Tue\",\"Wed\",\"Thu\",\"Fri\",\"Sat\"],\"weekdaysMin\":[\"Su\",\"Mo\",\"Tu\",\"We\",\"Th\",\"Fr\",\"Sa\"],\"recaptchaConsentMissing\":\"reCaptcha validation couldn&#039;t load.\",\"recaptchaMissingCookie\":\"reCaptcha v3 validation couldn&#039;t load the cookie needed to submit the form.\",\"recaptchaConsentEvent\":\"Accept reCaptcha cookies before sending the form.\",\"currency_symbol\":\"\",\"beforeForm\":\"\",\"beforeFields\":\"\",\"afterFields\":\"\",\"afterForm\":\"\"};form.fields=[{\"objectType\":\"Field\",\"objectDomain\":\"fields\",\"editActive\":false,\"order\":999,\"idAttribute\":\"id\",\"type\":\"firstname\",\"label\":\"Pr\\u00e9nom\",\"key\":\"prenom_1760947408186\",\"label_pos\":\"hidden\",\"required\":1,\"default\":\"\",\"placeholder\":\"Pr\\u00e9nom\",\"container_class\":\"\",\"element_class\":\"\",\"admin_label\":\"\",\"help_text\":\"\",\"custom_name_attribute\":\"fname\",\"personally_identifiable\":1,\"value\":\"\",\"field_label\":\"Pr\\u00e9nom\",\"field_key\":\"prenom_1760947408186\",\"id\":116,\"beforeField\":\"\",\"afterField\":\"\",\"parentType\":\"firstname\",\"element_templates\":[\"firstname\",\"input\"],\"old_classname\":\"\",\"wrap_template\":\"wrap\"},{\"objectType\":\"Field\",\"objectDomain\":\"fields\",\"editActive\":false,\"order\":999,\"idAttribute\":\"id\",\"type\":\"lastname\",\"label\":\"Nom de famille\",\"key\":\"nom_de_famille_1760947515695\",\"label_pos\":\"hidden\",\"required\":1,\"default\":\"\",\"placeholder\":\"Nom de famille\",\"container_class\":\"\",\"element_class\":\"\",\"admin_label\":\"\",\"help_text\":\"\",\"custom_name_attribute\":\"lname\",\"personally_identifiable\":1,\"value\":\"\",\"field_label\":\"Nom de famille\",\"field_key\":\"nom_de_famille_1760947515695\",\"drawerDisabled\":\"\",\"id\":117,\"beforeField\":\"\",\"afterField\":\"\",\"parentType\":\"lastname\",\"element_templates\":[\"lastname\",\"input\"],\"old_classname\":\"\",\"wrap_template\":\"wrap\"},{\"objectType\":\"Field\",\"objectDomain\":\"fields\",\"editActive\":false,\"order\":999,\"idAttribute\":\"id\",\"type\":\"email\",\"label\":\"E-mail\",\"key\":\"e-mail_1760944797250\",\"label_pos\":\"hidden\",\"required\":1,\"default\":\"\",\"placeholder\":\"E-mail\",\"container_class\":\"\",\"element_class\":\"\",\"admin_label\":\"\",\"help_text\":\"\",\"custom_name_attribute\":\"email\",\"personally_identifiable\":1,\"value\":\"\",\"field_label\":\"E-mail\",\"field_key\":\"e-mail_1760944797250\",\"id\":118,\"beforeField\":\"\",\"afterField\":\"\",\"parentType\":\"email\",\"element_templates\":[\"email\",\"input\"],\"old_classname\":\"\",\"wrap_template\":\"wrap\"},{\"objectType\":\"Field\",\"objectDomain\":\"fields\",\"editActive\":false,\"order\":999,\"idAttribute\":\"id\",\"type\":\"textbox\",\"label\":\"Entreprise\",\"key\":\"entreprise_1760947544327\",\"label_pos\":\"hidden\",\"required\":\"\",\"default\":\"\",\"placeholder\":\"Entreprise\",\"container_class\":\"\",\"element_class\":\"\",\"input_limit\":\"\",\"input_limit_type\":\"characters\",\"input_limit_msg\":\"Character(s) left\",\"manual_key\":\"\",\"admin_label\":\"\",\"help_text\":\"\",\"mask\":\"\",\"custom_mask\":\"\",\"custom_name_attribute\":\"\",\"personally_identifiable\":\"\",\"custom_autocomplete\":\"\",\"value\":\"\",\"drawerDisabled\":\"\",\"field_label\":\"Entreprise\",\"field_key\":\"entreprise_1760947544327\",\"id\":119,\"beforeField\":\"\",\"afterField\":\"\",\"parentType\":\"textbox\",\"element_templates\":[\"textbox\",\"input\"],\"old_classname\":\"\",\"wrap_template\":\"wrap\"},{\"objectType\":\"Field\",\"objectDomain\":\"fields\",\"editActive\":false,\"order\":999,\"idAttribute\":\"id\",\"type\":\"checkbox\",\"label\":\"J'accepte de recevoir des communications par courriel de la part de Studio Cl\\u00e9ment.\",\"key\":\"j_accepte_de_recevoir_des_communications_par_courriel_de_la_part_de_studio_clement_1761047186917\",\"label_pos\":\"right\",\"required\":1,\"container_class\":\"\",\"element_class\":\"\",\"manual_key\":\"\",\"admin_label\":\"\",\"help_text\":\"\",\"default_value\":\"unchecked\",\"checked_value\":\"Checked\",\"unchecked_value\":\"Unchecked\",\"checked_calc_value\":\"\",\"unchecked_calc_value\":\"\",\"drawerDisabled\":\"\",\"default\":\"unchecked\",\"field_label\":\"J'accepte de recevoir des communications par courriel de la part de Studio Cl\\u00e9ment.\",\"field_key\":\"j_accepte_de_recevoir_des_communications_par_courriel_de_la_part_de_studio_clement_1761047186917\",\"value\":\"unchecked\",\"id\":120,\"beforeField\":\"\",\"afterField\":\"\",\"parentType\":\"checkbox\",\"element_templates\":[\"checkbox\",\"input\"],\"old_classname\":\"\",\"wrap_template\":\"wrap\"},{\"objectType\":\"Field\",\"objectDomain\":\"fields\",\"editActive\":false,\"order\":999,\"idAttribute\":\"id\",\"type\":\"checkbox\",\"label\":\"Je suis d'accord avec <a href=\\\"\\\/fr\\\/privacy-policy\\\/\\\">la politique de confidentialit\\u00e9<\\\/a>\",\"key\":\"je_suis_d_accord_avec_less_than_a_href_fr_privacy-policy_greater_than_la_politique_de_confidentialite_less_than_a_greater_than_1761047200785\",\"label_pos\":\"right\",\"required\":1,\"container_class\":\"\",\"element_class\":\"\",\"manual_key\":\"\",\"admin_label\":\"\",\"help_text\":\"\",\"default_value\":\"unchecked\",\"checked_value\":\"Checked\",\"unchecked_value\":\"Unchecked\",\"checked_calc_value\":\"\",\"unchecked_calc_value\":\"\",\"drawerDisabled\":\"\",\"default\":\"unchecked\",\"field_label\":\"Je suis d'accord avec <a href=\\\"\\\/fr\\\/privacy-policy\\\/\\\">la politique de confidentialit\\u00e9<\\\/a>\",\"field_key\":\"je_suis_d_accord_avec_less_than_a_href_fr_privacy-policy_greater_than_la_politique_de_confidentialite_less_than_a_greater_than_1761047200785\",\"value\":\"unchecked\",\"id\":121,\"beforeField\":\"\",\"afterField\":\"\",\"parentType\":\"checkbox\",\"element_templates\":[\"checkbox\",\"input\"],\"old_classname\":\"\",\"wrap_template\":\"wrap\"},{\"objectType\":\"Field\",\"objectDomain\":\"fields\",\"editActive\":false,\"order\":9999,\"idAttribute\":\"id\",\"type\":\"submit\",\"label\":\"Envoyer\",\"processing_label\":\"Processing\",\"container_class\":\"\",\"element_class\":\"btn btn-primary\",\"key\":\"envoyer_1760947564394\",\"admin_label\":\"\",\"drawerDisabled\":\"\",\"field_label\":\"Envoyer\",\"field_key\":\"envoyer_1760947564394\",\"id\":122,\"beforeField\":\"\",\"afterField\":\"\",\"value\":\"\",\"label_pos\":\"hidden\",\"parentType\":\"textbox\",\"element_templates\":[\"submit\",\"button\",\"input\"],\"old_classname\":\"\",\"wrap_template\":\"wrap-no-label\"}];nfForms.push(form);<\/script>\n        <\/div>\n\n\n\n<div class=\"wp-block-column is-layout-flow wp-block-column-is-layout-flow\" style=\"flex-basis:15%\"><\/div>\n<\/div>\n\n\n\n<div style=\"height:100px\" aria-hidden=\"true\" class=\"wp-block-spacer\"><\/div>\n","protected":false},"excerpt":{"rendered":"<p>Un bureau qui travaille pour vous Comment cr\u00e9er un bureau qui favorise \u00e0 la fois le calme et l&#8217;efficacit\u00e9, tout &hellip; <a href=\"https:\/\/studioclement.be\/fr\/whitepaper-bureau\/\">Continued<\/a><\/p>\n","protected":false},"author":1,"featured_media":0,"parent":0,"menu_order":0,"comment_status":"closed","ping_status":"closed","template":"","meta":{"_acf_changed":false,"footnotes":""},"class_list":["post-16952","page","type-page","status-publish","hentry"],"acf":[],"yoast_head":"<!-- This site is optimized with the Yoast SEO Premium plugin v26.1 (Yoast SEO v26.1.1) - https:\/\/yoast.com\/wordpress\/plugins\/seo\/ -->\n<title>Whitepaper bureau - Studio Clement<\/title>\n<meta name=\"robots\" content=\"index, follow, max-snippet:-1, max-image-preview:large, max-video-preview:-1\" \/>\n<link rel=\"canonical\" href=\"https:\/\/studioclement.be\/fr\/whitepaper-bureau\/\" \/>\n<meta property=\"og:locale\" content=\"fr_FR\" \/>\n<meta property=\"og:type\" content=\"article\" \/>\n<meta property=\"og:title\" content=\"Whitepaper bureau\" \/>\n<meta property=\"og:description\" content=\"Un bureau qui travaille pour vous Comment cr\u00e9er un bureau qui favorise \u00e0 la fois le calme et l&#039;efficacit\u00e9, tout en stimulant la collaboration et la\" \/>\n<meta property=\"og:url\" content=\"https:\/\/studioclement.be\/fr\/whitepaper-bureau\/\" \/>\n<meta property=\"og:site_name\" content=\"Studio Clement\" \/>\n<meta property=\"article:modified_time\" content=\"2026-02-19T08:56:07+00:00\" \/>\n<meta property=\"og:image\" content=\"https:\/\/studioclement.be\/app\/uploads\/2026\/02\/3.png\" \/>\n\t<meta property=\"og:image:width\" content=\"1080\" \/>\n\t<meta property=\"og:image:height\" content=\"1350\" \/>\n\t<meta property=\"og:image:type\" content=\"image\/png\" \/>\n<meta name=\"twitter:card\" content=\"summary_large_image\" \/>\n<meta name=\"twitter:label1\" content=\"Est. reading time\" \/>\n\t<meta name=\"twitter:data1\" content=\"1 minute\" \/>\n<script type=\"application\/ld+json\" class=\"yoast-schema-graph\">{\"@context\":\"https:\/\/schema.org\",\"@graph\":[{\"@type\":\"WebPage\",\"@id\":\"https:\/\/studioclement.be\/fr\/whitepaper-bureau\/\",\"url\":\"https:\/\/studioclement.be\/fr\/whitepaper-bureau\/\",\"name\":\"Whitepaper bureau - Studio Clement\",\"isPartOf\":{\"@id\":\"https:\/\/studioclement.be\/fr\/#website\"},\"primaryImageOfPage\":{\"@id\":\"https:\/\/studioclement.be\/fr\/whitepaper-bureau\/#primaryimage\"},\"image\":{\"@id\":\"https:\/\/studioclement.be\/fr\/whitepaper-bureau\/#primaryimage\"},\"thumbnailUrl\":\"https:\/\/studioclement.be\/app\/uploads\/2026\/02\/3.png\",\"datePublished\":\"2026-02-17T10:47:31+00:00\",\"dateModified\":\"2026-02-19T08:56:07+00:00\",\"breadcrumb\":{\"@id\":\"https:\/\/studioclement.be\/fr\/whitepaper-bureau\/#breadcrumb\"},\"inLanguage\":\"fr\",\"potentialAction\":[{\"@type\":\"ReadAction\",\"target\":[\"https:\/\/studioclement.be\/fr\/whitepaper-bureau\/\"]}]},{\"@type\":\"ImageObject\",\"inLanguage\":\"fr\",\"@id\":\"https:\/\/studioclement.be\/fr\/whitepaper-bureau\/#primaryimage\",\"url\":\"https:\/\/studioclement.be\/app\/uploads\/2026\/02\/3.png\",\"contentUrl\":\"https:\/\/studioclement.be\/app\/uploads\/2026\/02\/3.png\"},{\"@type\":\"BreadcrumbList\",\"@id\":\"https:\/\/studioclement.be\/fr\/whitepaper-bureau\/#breadcrumb\",\"itemListElement\":[{\"@type\":\"ListItem\",\"position\":1,\"name\":\"Home\",\"item\":\"https:\/\/studioclement.be\/fr\/\"},{\"@type\":\"ListItem\",\"position\":2,\"name\":\"Whitepaper bureau\"}]},{\"@type\":\"WebSite\",\"@id\":\"https:\/\/studioclement.be\/fr\/#website\",\"url\":\"https:\/\/studioclement.be\/fr\/\",\"name\":\"Studio Clement\",\"description\":\"Innoverende interieurconcepten\",\"publisher\":{\"@id\":\"https:\/\/studioclement.be\/fr\/#organization\"},\"potentialAction\":[{\"@type\":\"SearchAction\",\"target\":{\"@type\":\"EntryPoint\",\"urlTemplate\":\"https:\/\/studioclement.be\/fr\/?s={search_term_string}\"},\"query-input\":{\"@type\":\"PropertyValueSpecification\",\"valueRequired\":true,\"valueName\":\"search_term_string\"}}],\"inLanguage\":\"fr\"},{\"@type\":\"Organization\",\"@id\":\"https:\/\/studioclement.be\/fr\/#organization\",\"name\":\"Studio Clement\",\"url\":\"https:\/\/studioclement.be\/fr\/\",\"logo\":{\"@type\":\"ImageObject\",\"inLanguage\":\"fr\",\"@id\":\"https:\/\/studioclement.be\/fr\/#\/schema\/logo\/image\/\",\"url\":\"https:\/\/studioclement.be\/app\/uploads\/2024\/07\/StudioClement_Logo_ZW.jpg\",\"contentUrl\":\"https:\/\/studioclement.be\/app\/uploads\/2024\/07\/StudioClement_Logo_ZW.jpg\",\"width\":8585,\"height\":4167,\"caption\":\"Studio Clement\"},\"image\":{\"@id\":\"https:\/\/studioclement.be\/fr\/#\/schema\/logo\/image\/\"}}]}<\/script>\n<!-- \/ Yoast SEO Premium plugin. -->","yoast_head_json":{"title":"Whitepaper bureau - Studio Clement","robots":{"index":"index","follow":"follow","max-snippet":"max-snippet:-1","max-image-preview":"max-image-preview:large","max-video-preview":"max-video-preview:-1"},"canonical":"https:\/\/studioclement.be\/fr\/whitepaper-bureau\/","og_locale":"fr_FR","og_type":"article","og_title":"Whitepaper bureau","og_description":"Un bureau qui travaille pour vous Comment cr\u00e9er un bureau qui favorise \u00e0 la fois le calme et l'efficacit\u00e9, tout en stimulant la collaboration et la","og_url":"https:\/\/studioclement.be\/fr\/whitepaper-bureau\/","og_site_name":"Studio Clement","article_modified_time":"2026-02-19T08:56:07+00:00","og_image":[{"width":1080,"height":1350,"url":"https:\/\/studioclement.be\/app\/uploads\/2026\/02\/3.png","type":"image\/png"}],"twitter_card":"summary_large_image","twitter_misc":{"Est. reading time":"1 minute"},"schema":{"@context":"https:\/\/schema.org","@graph":[{"@type":"WebPage","@id":"https:\/\/studioclement.be\/fr\/whitepaper-bureau\/","url":"https:\/\/studioclement.be\/fr\/whitepaper-bureau\/","name":"Whitepaper bureau - Studio Clement","isPartOf":{"@id":"https:\/\/studioclement.be\/fr\/#website"},"primaryImageOfPage":{"@id":"https:\/\/studioclement.be\/fr\/whitepaper-bureau\/#primaryimage"},"image":{"@id":"https:\/\/studioclement.be\/fr\/whitepaper-bureau\/#primaryimage"},"thumbnailUrl":"https:\/\/studioclement.be\/app\/uploads\/2026\/02\/3.png","datePublished":"2026-02-17T10:47:31+00:00","dateModified":"2026-02-19T08:56:07+00:00","breadcrumb":{"@id":"https:\/\/studioclement.be\/fr\/whitepaper-bureau\/#breadcrumb"},"inLanguage":"fr","potentialAction":[{"@type":"ReadAction","target":["https:\/\/studioclement.be\/fr\/whitepaper-bureau\/"]}]},{"@type":"ImageObject","inLanguage":"fr","@id":"https:\/\/studioclement.be\/fr\/whitepaper-bureau\/#primaryimage","url":"https:\/\/studioclement.be\/app\/uploads\/2026\/02\/3.png","contentUrl":"https:\/\/studioclement.be\/app\/uploads\/2026\/02\/3.png"},{"@type":"BreadcrumbList","@id":"https:\/\/studioclement.be\/fr\/whitepaper-bureau\/#breadcrumb","itemListElement":[{"@type":"ListItem","position":1,"name":"Home","item":"https:\/\/studioclement.be\/fr\/"},{"@type":"ListItem","position":2,"name":"Whitepaper bureau"}]},{"@type":"WebSite","@id":"https:\/\/studioclement.be\/fr\/#website","url":"https:\/\/studioclement.be\/fr\/","name":"Studio Clement","description":"Innoverende interieurconcepten","publisher":{"@id":"https:\/\/studioclement.be\/fr\/#organization"},"potentialAction":[{"@type":"SearchAction","target":{"@type":"EntryPoint","urlTemplate":"https:\/\/studioclement.be\/fr\/?s={search_term_string}"},"query-input":{"@type":"PropertyValueSpecification","valueRequired":true,"valueName":"search_term_string"}}],"inLanguage":"fr"},{"@type":"Organization","@id":"https:\/\/studioclement.be\/fr\/#organization","name":"Studio Clement","url":"https:\/\/studioclement.be\/fr\/","logo":{"@type":"ImageObject","inLanguage":"fr","@id":"https:\/\/studioclement.be\/fr\/#\/schema\/logo\/image\/","url":"https:\/\/studioclement.be\/app\/uploads\/2024\/07\/StudioClement_Logo_ZW.jpg","contentUrl":"https:\/\/studioclement.be\/app\/uploads\/2024\/07\/StudioClement_Logo_ZW.jpg","width":8585,"height":4167,"caption":"Studio Clement"},"image":{"@id":"https:\/\/studioclement.be\/fr\/#\/schema\/logo\/image\/"}}]}},"_links":{"self":[{"href":"https:\/\/studioclement.be\/fr\/wp-json\/wp\/v2\/pages\/16952","targetHints":{"allow":["GET"]}}],"collection":[{"href":"https:\/\/studioclement.be\/fr\/wp-json\/wp\/v2\/pages"}],"about":[{"href":"https:\/\/studioclement.be\/fr\/wp-json\/wp\/v2\/types\/page"}],"author":[{"embeddable":true,"href":"https:\/\/studioclement.be\/fr\/wp-json\/wp\/v2\/users\/1"}],"replies":[{"embeddable":true,"href":"https:\/\/studioclement.be\/fr\/wp-json\/wp\/v2\/comments?post=16952"}],"version-history":[{"count":3,"href":"https:\/\/studioclement.be\/fr\/wp-json\/wp\/v2\/pages\/16952\/revisions"}],"predecessor-version":[{"id":16990,"href":"https:\/\/studioclement.be\/fr\/wp-json\/wp\/v2\/pages\/16952\/revisions\/16990"}],"wp:attachment":[{"href":"https:\/\/studioclement.be\/fr\/wp-json\/wp\/v2\/media?parent=16952"}],"curies":[{"name":"wp","href":"https:\/\/api.w.org\/{rel}","templated":true}]}}